{"id":5444,"date":"2022-03-10T16:18:10","date_gmt":"2022-03-10T13:18:10","guid":{"rendered":"https:\/\/www.aycangida.com.tr\/?page_id=5444"},"modified":"2022-03-10T16:21:20","modified_gmt":"2022-03-10T13:21:20","slug":"sosyal-sorumluluk","status":"publish","type":"page","link":"https:\/\/www.aycangida.com.tr\/index.php\/sosyal-sorumluluk\/","title":{"rendered":"Sosyal Sorumluluk"},"content":{"rendered":"\t\t<div data-elementor-type=\"wp-page\" data-elementor-id=\"5444\" class=\"elementor elementor-5444\" data-elementor-settings=\"[]\">\n\t\t\t\t\t\t\t<div class=\"elementor-section-wrap\">\n\t\t\t\t\t\t\t<section class=\"elementor-section elementor-top-section elementor-element elementor-element-26ee7b4 elementor-section-full_width elementor-section-height-default elementor-section-height-default nt-section-ripped-top ripped-top-no nt-section-ripped-bottom ripped-bottom-no\" data-id=\"26ee7b4\" data-element_type=\"section\" data-settings=\"{&quot;background_background&quot;:&quot;classic&quot;}\">\n\t\t\t\t\t\t<div class=\"elementor-container elementor-column-gap-no\">\n\t\t\t\t\t<div class=\"elementor-column elementor-col-100 elementor-top-column elementor-element elementor-element-6a9c756\" data-id=\"6a9c756\" data-element_type=\"column\" data-settings=\"{&quot;background_background&quot;:&quot;classic&quot;}\">\n\t\t\t<div class=\"elementor-widget-wrap elementor-element-populated\">\n\t\t\t\t\t\t\t\t<div class=\"elementor-element elementor-element-4d216a0 elementor-widget elementor-widget-agrikon-page-hero\" data-id=\"4d216a0\" data-element_type=\"widget\" data-widget_type=\"agrikon-page-hero.default\">\n\t\t\t\t<div class=\"elementor-widget-container\">\n\t\t\t<div class=\"page-header ripped-off\"><div class=\"page-header__bg\"><\/div><div class=\"container\"><h2 class=\"page-title\">Sosyal Sorumluluk<\/h2><\/div><\/div>\t\t<\/div>\n\t\t\t\t<\/div>\n\t\t\t\t\t<\/div>\n\t\t<\/div>\n\t\t\t\t\t\t\t<\/div>\n\t\t<\/section>\n\t\t\t\t<section class=\"elementor-section elementor-top-section elementor-element elementor-element-8f05131 elementor-section-full_width elementor-section-height-default elementor-section-height-default nt-section-ripped-top ripped-top-no nt-section-ripped-bottom ripped-bottom-no\" data-id=\"8f05131\" data-element_type=\"section\" data-settings=\"{&quot;background_background&quot;:&quot;classic&quot;}\">\n\t\t\t\t\t\t<div class=\"elementor-container elementor-column-gap-default\">\n\t\t\t\t\t<div class=\"elementor-column elementor-col-50 elementor-top-column elementor-element elementor-element-f702fb8\" data-id=\"f702fb8\" data-element_type=\"column\">\n\t\t\t<div class=\"elementor-widget-wrap elementor-element-populated\">\n\t\t\t\t\t\t\t\t<div class=\"elementor-element elementor-element-0cd757f elementor-widget elementor-widget-text-editor\" data-id=\"0cd757f\" data-element_type=\"widget\" data-widget_type=\"text-editor.default\">\n\t\t\t\t<div class=\"elementor-widget-container\">\n\t\t\t<style>\/*! elementor - v3.5.5 - 03-02-2022 *\/\n.elementor-widget-text-editor.elementor-drop-cap-view-stacked .elementor-drop-cap{background-color:#818a91;color:#fff}.elementor-widget-text-editor.elementor-drop-cap-view-framed .elementor-drop-cap{color:#818a91;border:3px solid;background-color:transparent}.elementor-widget-text-editor:not(.elementor-drop-cap-view-default) .elementor-drop-cap{margin-top:8px}.elementor-widget-text-editor:not(.elementor-drop-cap-view-default) .elementor-drop-cap-letter{width:1em;height:1em}.elementor-widget-text-editor .elementor-drop-cap{float:left;text-align:center;line-height:1;font-size:50px}.elementor-widget-text-editor .elementor-drop-cap-letter{display:inline-block}<\/style>\t\t\t\t<p><span style=\"font-weight: 400;\">Aycan G\u0131da olarak;\u00a0<\/span><\/p><p><span style=\"font-weight: 400;\">Sorumluluklar\u0131m\u0131z\u0131 \u015firketimiz i\u00e7erisinde ilke edinmek en b\u00fcy\u00fck ama\u00e7lar\u0131m\u0131zdan biridir. \u00d6zellikle \u00e7ocuk i\u015f\u00e7iler konusunda hassasiyetimizi g\u00f6z \u00f6n\u00fcnde bulundurarak; t\u00fcm i\u015f disiplinimiz ile bu konunun \u00f6n\u00fcne ge\u00e7iyoruz. \u00c7al\u0131\u015fma ya\u015f s\u0131n\u0131r\u0131m\u0131z ile gereken disiplin ve hassasiyeti sa\u011fl\u0131yoruz.<\/span><\/p>\t\t\t\t\t\t<\/div>\n\t\t\t\t<\/div>\n\t\t\t\t\t<\/div>\n\t\t<\/div>\n\t\t\t\t<div class=\"elementor-column elementor-col-50 elementor-top-column elementor-element elementor-element-3d72248\" data-id=\"3d72248\" data-element_type=\"column\">\n\t\t\t<div class=\"elementor-widget-wrap elementor-element-populated\">\n\t\t\t\t\t\t\t\t<div class=\"elementor-element elementor-element-250fd08 elementor-widget elementor-widget-image\" data-id=\"250fd08\" data-element_type=\"widget\" data-widget_type=\"image.default\">\n\t\t\t\t<div class=\"elementor-widget-container\">\n\t\t\t<style>\/*! elementor - v3.5.5 - 03-02-2022 *\/\n.elementor-widget-image{text-align:center}.elementor-widget-image a{display:inline-block}.elementor-widget-image a img[src$=\".svg\"]{width:48px}.elementor-widget-image img{vertical-align:middle;display:inline-block}<\/style>\t\t\t\t\t\t\t\t\t\t\t\t<img loading=\"lazy\" decoding=\"async\" width=\"600\" height=\"600\" src=\"https:\/\/www.aycangida.com.tr\/wp-content\/uploads\/2022\/03\/sosyal-sorumluluk.jpg\" class=\"attachment-full size-full\" alt=\"\" srcset=\"https:\/\/www.aycangida.com.tr\/wp-content\/uploads\/2022\/03\/sosyal-sorumluluk.jpg 600w, https:\/\/www.aycangida.com.tr\/wp-content\/uploads\/2022\/03\/sosyal-sorumluluk-300x300.jpg 300w, https:\/\/www.aycangida.com.tr\/wp-content\/uploads\/2022\/03\/sosyal-sorumluluk-150x150.jpg 150w, https:\/\/www.aycangida.com.tr\/wp-content\/uploads\/2022\/03\/sosyal-sorumluluk-500x500.jpg 500w\" sizes=\"auto, (max-width: 600px) 100vw, 600px\" \/>\t\t\t\t\t\t\t\t\t\t\t\t\t\t\t<\/div>\n\t\t\t\t<\/div>\n\t\t\t\t\t<\/div>\n\t\t<\/div>\n\t\t\t\t\t\t\t<\/div>\n\t\t<\/section>\n\t\t\t\t<div class=\"elementor-section elementor-top-section elementor-element elementor-element-30efc64 elementor-section-full_width elementor-section-height-default elementor-section-height-default nt-section-ripped-top ripped-top-no nt-section-ripped-bottom ripped-bottom-no\" data-id=\"30efc64\" data-element_type=\"section\">\n\t\t\t\t\t\t<div class=\"elementor-container elementor-column-gap-no\">\n\t\t\t\t\t<div class=\"elementor-column elementor-col-100 elementor-top-column elementor-element elementor-element-b347e73\" data-id=\"b347e73\" data-element_type=\"column\">\n\t\t\t<div class=\"elementor-widget-wrap elementor-element-populated\">\n\t\t\t\t\t\t\t\t<div class=\"elementor-element elementor-element-566093a elementor-widget elementor-widget-agrikon-cta-one\" data-id=\"566093a\" data-element_type=\"widget\" data-widget_type=\"agrikon-cta-one.default\">\n\t\t\t\t<div class=\"elementor-widget-container\">\n\t\t\t<div class=\"call-to-action jarallax\" data-jarallax data-speed=\"0.3\" data-imgPosition=\"-80% 50%\"><div class=\"container\"><div class=\"call-to-action__content\"><div class=\"call-to-action__icon\"><i aria-hidden=\"true\" class=\"flaticon agrikon-icon agrikon-icon-organic-food\"><\/i><\/div><h3 class=\"title\">Bizimle ileti\u015fime ge\u00e7in<\/h3><\/div><div class=\"call-to-action__button\"><a  class=\"agrikon-btn thm-btn\" href=\"\/index.php\/iletisim\/\">\u0130LET\u0130\u015e\u0130M<\/a><\/div><\/div><\/div>\t\t<\/div>\n\t\t\t\t<\/div>\n\t\t\t\t\t<\/div>\n\t\t<\/div>\n\t\t\t\t\t\t\t<\/div>\n\t\t<\/div>\n\t\t\t\t\t\t<\/div>\n\t\t\t\t\t<\/div>\n\t\t","protected":false},"excerpt":{"rendered":"<p>Sosyal Sorumluluk Aycan G\u0131da olarak;\u00a0 Sorumluluklar\u0131m\u0131z\u0131 \u015firketimiz i\u00e7erisinde ilke edinmek en b\u00fcy\u00fck ama\u00e7lar\u0131m\u0131zdan biridir. \u00d6zellikle \u00e7ocuk i\u015f\u00e7iler konusunda hassasiyetimizi g\u00f6z \u00f6n\u00fcnde bulundurarak; t\u00fcm i\u015f disiplinimiz ile bu konunun \u00f6n\u00fcne ge\u00e7iyoruz. \u00c7al\u0131\u015fma ya\u015f s\u0131n\u0131r\u0131m\u0131z ile gereken disiplin ve hassasiyeti sa\u011fl\u0131yoruz. Bizimle ileti\u015fime ge\u00e7in \u0130LET\u0130\u015e\u0130M<\/p>\n","protected":false},"author":1,"featured_media":0,"parent":0,"menu_order":0,"comment_status":"closed","ping_status":"open","template":"","meta":{"footnotes":""},"class_list":{"0":"post-5444","1":"page","2":"type-page","3":"status-publish","4":"hentry","5":"nt-post-class","6":"","8":"thumb-none","10":"excerpt-none"},"_links":{"self":[{"href":"https:\/\/www.aycangida.com.tr\/index.php\/wp-json\/wp\/v2\/pages\/5444","targetHints":{"allow":["GET"]}}],"collection":[{"href":"https:\/\/www.aycangida.com.tr\/index.php\/wp-json\/wp\/v2\/pages"}],"about":[{"href":"https:\/\/www.aycangida.com.tr\/index.php\/wp-json\/wp\/v2\/types\/page"}],"author":[{"embeddable":true,"href":"https:\/\/www.aycangida.com.tr\/index.php\/wp-json\/wp\/v2\/users\/1"}],"replies":[{"embeddable":true,"href":"https:\/\/www.aycangida.com.tr\/index.php\/wp-json\/wp\/v2\/comments?post=5444"}],"version-history":[{"count":7,"href":"https:\/\/www.aycangida.com.tr\/index.php\/wp-json\/wp\/v2\/pages\/5444\/revisions"}],"predecessor-version":[{"id":5452,"href":"https:\/\/www.aycangida.com.tr\/index.php\/wp-json\/wp\/v2\/pages\/5444\/revisions\/5452"}],"wp:attachment":[{"href":"https:\/\/www.aycangida.com.tr\/index.php\/wp-json\/wp\/v2\/media?parent=5444"}],"curies":[{"name":"wp","href":"https:\/\/api.w.org\/{rel}","templated":true}]}}