{"id":5057,"date":"2022-01-14T16:42:49","date_gmt":"2022-01-14T13:42:49","guid":{"rendered":"http:\/\/aycangida.workajans.net\/?page_id=5057"},"modified":"2022-03-10T16:16:47","modified_gmt":"2022-03-10T13:16:47","slug":"tesisimiz","status":"publish","type":"page","link":"https:\/\/www.aycangida.com.tr\/index.php\/tesisimiz\/","title":{"rendered":"Tesisimiz"},"content":{"rendered":"\t\t<div data-elementor-type=\"wp-page\" data-elementor-id=\"5057\" class=\"elementor elementor-5057\" data-elementor-settings=\"[]\">\n\t\t\t\t\t\t\t<div class=\"elementor-section-wrap\">\n\t\t\t\t\t\t\t<div class=\"elementor-section elementor-top-section elementor-element elementor-element-3211497 elementor-section-full_width elementor-section-height-default elementor-section-height-default nt-section-ripped-top ripped-top-no nt-section-ripped-bottom ripped-bottom-no\" data-id=\"3211497\" data-element_type=\"section\">\n\t\t\t\t\t\t<div class=\"elementor-container elementor-column-gap-no\">\n\t\t\t\t\t<div class=\"elementor-column elementor-col-100 elementor-top-column elementor-element elementor-element-8207d06\" data-id=\"8207d06\" data-element_type=\"column\">\n\t\t\t<div class=\"elementor-widget-wrap elementor-element-populated\">\n\t\t\t\t\t\t\t\t<div class=\"elementor-element elementor-element-6d3bcfb elementor-widget elementor-widget-agrikon-page-hero\" data-id=\"6d3bcfb\" data-element_type=\"widget\" data-widget_type=\"agrikon-page-hero.default\">\n\t\t\t\t<div class=\"elementor-widget-container\">\n\t\t\t<div class=\"page-header ripped-off\"><div class=\"page-header__bg\"><\/div><div class=\"container\"><\/div><\/div>\t\t<\/div>\n\t\t\t\t<\/div>\n\t\t\t\t\t<\/div>\n\t\t<\/div>\n\t\t\t\t\t\t\t<\/div>\n\t\t<\/div>\n\t\t\t\t<div class=\"elementor-section elementor-top-section elementor-element elementor-element-f65f84d nt-section section-padding elementor-section-boxed elementor-section-height-default elementor-section-height-default nt-section-ripped-bottom ripped-bottom-no\" data-id=\"f65f84d\" data-element_type=\"section\">\n\t\t\t\t\t\t<div class=\"elementor-container elementor-column-gap-no\">\n\t\t\t\t\t<div class=\"elementor-column elementor-col-50 elementor-top-column elementor-element elementor-element-6dcbb98\" data-id=\"6dcbb98\" data-element_type=\"column\">\n\t\t\t<div class=\"elementor-widget-wrap elementor-element-populated\">\n\t\t\t\t\t\t\t\t<div class=\"elementor-element elementor-element-ca479b8 agrikon-transform transform-type-translate elementor-widget elementor-widget-heading\" data-id=\"ca479b8\" data-element_type=\"widget\" data-widget_type=\"heading.default\">\n\t\t\t\t<div class=\"elementor-widget-container\">\n\t\t\t<style>\/*! elementor - v3.5.5 - 03-02-2022 *\/\n.elementor-heading-title{padding:0;margin:0;line-height:1}.elementor-widget-heading .elementor-heading-title[class*=elementor-size-]>a{color:inherit;font-size:inherit;line-height:inherit}.elementor-widget-heading .elementor-heading-title.elementor-size-small{font-size:15px}.elementor-widget-heading .elementor-heading-title.elementor-size-medium{font-size:19px}.elementor-widget-heading .elementor-heading-title.elementor-size-large{font-size:29px}.elementor-widget-heading .elementor-heading-title.elementor-size-xl{font-size:39px}.elementor-widget-heading .elementor-heading-title.elementor-size-xxl{font-size:59px}<\/style><h3 class=\"elementor-heading-title elementor-size-default\">Tesisimiz<\/h3>\t\t<\/div>\n\t\t\t\t<\/div>\n\t\t\t\t<div class=\"elementor-element elementor-element-5057eff agrikon-transform transform-type-translate elementor-widget elementor-widget-heading\" data-id=\"5057eff\" data-element_type=\"widget\" data-widget_type=\"heading.default\">\n\t\t\t\t<div class=\"elementor-widget-container\">\n\t\t\t<p class=\"elementor-heading-title elementor-size-default\">Fabrikam\u0131z\u0131n kendine \u00f6zg\u00fc saha dizayn\u0131 ile t\u00fcm planlama ve \u00fcretim a\u015famalar\u0131 ayr\u0131nt\u0131l\u0131 bir titizlik ile kontrol edilmektedir. Kabuklu f\u0131nd\u0131k \u00f6n analiz robotundan ba\u015flayarak kabuklu f\u0131nd\u0131\u011f\u0131n tesisimize kabul edildi\u011fi ilk noktadan ba\u015flayarak, kabuklu f\u0131nd\u0131k depolama alanlar\u0131m\u0131z ve kapasitemizle, en son teknoloji makinelerle f\u0131nd\u0131\u011f\u0131n k\u0131r\u0131m ve se\u00e7im s\u00fcre\u00e7lerini tamamlanmas\u0131n\u0131n ard\u0131ndan, TSE standartlar\u0131nda ger\u00e7ekle\u015fen \u00fcretimin kontrol edilmesiyle paketleme ve sevk i\u015flemleri ger\u00e7ekle\u015ftirilir. Fabrikam\u0131z son teknoloji makinalar ve destekleyici alanlar ile t\u00fcm \u00fcretim i\u015flemlerini hassas bir titizlikle s\u00fcrd\u00fcrmektedir.<\/p>\t\t<\/div>\n\t\t\t\t<\/div>\n\t\t\t\t\t<\/div>\n\t\t<\/div>\n\t\t\t\t<div class=\"elementor-column elementor-col-50 elementor-top-column elementor-element elementor-element-ff4fd8c\" data-id=\"ff4fd8c\" data-element_type=\"column\">\n\t\t\t<div class=\"elementor-widget-wrap elementor-element-populated\">\n\t\t\t\t\t\t\t\t<div class=\"elementor-element elementor-element-52ff77f elementor-widget elementor-widget-image\" data-id=\"52ff77f\" data-element_type=\"widget\" data-widget_type=\"image.default\">\n\t\t\t\t<div class=\"elementor-widget-container\">\n\t\t\t<style>\/*! elementor - v3.5.5 - 03-02-2022 *\/\n.elementor-widget-image{text-align:center}.elementor-widget-image a{display:inline-block}.elementor-widget-image a img[src$=\".svg\"]{width:48px}.elementor-widget-image img{vertical-align:middle;display:inline-block}<\/style>\t\t\t\t\t\t\t\t\t\t\t\t<img loading=\"lazy\" decoding=\"async\" width=\"570\" height=\"502\" src=\"https:\/\/www.aycangida.com.tr\/wp-content\/uploads\/2022\/03\/tesisimiz-1.jpg\" class=\"attachment-agrikon-grid size-agrikon-grid\" alt=\"\" srcset=\"https:\/\/www.aycangida.com.tr\/wp-content\/uploads\/2022\/03\/tesisimiz-1.jpg 570w, https:\/\/www.aycangida.com.tr\/wp-content\/uploads\/2022\/03\/tesisimiz-1-300x264.jpg 300w\" sizes=\"auto, (max-width: 570px) 100vw, 570px\" \/>\t\t\t\t\t\t\t\t\t\t\t\t\t\t\t<\/div>\n\t\t\t\t<\/div>\n\t\t\t\t\t<\/div>\n\t\t<\/div>\n\t\t\t\t\t\t\t<\/div>\n\t\t<\/div>\n\t\t\t\t<section class=\"elementor-section elementor-top-section elementor-element elementor-element-d436155 elementor-section-boxed elementor-section-height-default elementor-section-height-default nt-section-ripped-top ripped-top-no nt-section-ripped-bottom ripped-bottom-no\" data-id=\"d436155\" data-element_type=\"section\">\n\t\t\t\t\t\t<div class=\"elementor-container elementor-column-gap-default\">\n\t\t\t\t\t<div class=\"elementor-column elementor-col-100 elementor-top-column elementor-element elementor-element-918686d\" data-id=\"918686d\" data-element_type=\"column\">\n\t\t\t<div class=\"elementor-widget-wrap elementor-element-populated\">\n\t\t\t\t\t\t\t\t<div class=\"elementor-element elementor-element-d65edad elementor-aspect-ratio-169 elementor-widget elementor-widget-video\" data-id=\"d65edad\" data-element_type=\"widget\" data-settings=\"{&quot;video_type&quot;:&quot;hosted&quot;,&quot;controls&quot;:&quot;yes&quot;,&quot;aspect_ratio&quot;:&quot;169&quot;}\" data-widget_type=\"video.default\">\n\t\t\t\t<div class=\"elementor-widget-container\">\n\t\t\t<style>\/*! elementor - v3.5.5 - 03-02-2022 *\/\n.elementor-widget-video .elementor-widget-container{overflow:hidden;-webkit-transform:translateZ(0);transform:translateZ(0)}.elementor-widget-video .elementor-open-inline .elementor-custom-embed-image-overlay{position:absolute;top:0;left:0;width:100%;height:100%;-webkit-background-size:cover;background-size:cover;background-position:50%}.elementor-widget-video .elementor-custom-embed-image-overlay{cursor:pointer;text-align:center}.elementor-widget-video .elementor-custom-embed-image-overlay:hover .elementor-custom-embed-play i{opacity:1}.elementor-widget-video .elementor-custom-embed-image-overlay img{display:block;width:100%}.elementor-widget-video .e-hosted-video .elementor-video{-o-object-fit:cover;object-fit:cover}<\/style>\t\t<div class=\"e-hosted-video elementor-wrapper elementor-fit-aspect-ratio elementor-open-inline\">\n\t\t\t\t\t<video class=\"elementor-video\" src=\"http:\/\/www.aycangida.com.tr\/wp-content\/uploads\/2022\/02\/Aycan-Gida-Video.mp4\" controls=\"\" controlsList=\"nodownload\"><\/video>\n\t\t\t\t<\/div>\n\t\t\t\t<\/div>\n\t\t\t\t<\/div>\n\t\t\t\t\t<\/div>\n\t\t<\/div>\n\t\t\t\t\t\t\t<\/div>\n\t\t<\/section>\n\t\t\t\t<div class=\"elementor-section elementor-top-section elementor-element elementor-element-8c9131d elementor-section-full_width elementor-section-height-default elementor-section-height-default nt-section-ripped-top ripped-top-no nt-section-ripped-bottom ripped-bottom-no\" data-id=\"8c9131d\" data-element_type=\"section\">\n\t\t\t\t\t\t<div class=\"elementor-container elementor-column-gap-no\">\n\t\t\t\t\t<div class=\"elementor-column elementor-col-100 elementor-top-column elementor-element elementor-element-167667d\" data-id=\"167667d\" data-element_type=\"column\">\n\t\t\t<div class=\"elementor-widget-wrap elementor-element-populated\">\n\t\t\t\t\t\t\t\t<div class=\"elementor-element elementor-element-d656fa9 elementor-widget elementor-widget-agrikon-cta-one\" data-id=\"d656fa9\" data-element_type=\"widget\" data-widget_type=\"agrikon-cta-one.default\">\n\t\t\t\t<div class=\"elementor-widget-container\">\n\t\t\t<div class=\"call-to-action jarallax\" data-jarallax data-speed=\"0.3\" data-imgPosition=\"-80% 50%\"><div class=\"container\"><div class=\"call-to-action__content\"><div class=\"call-to-action__icon\"><i aria-hidden=\"true\" class=\"flaticon agrikon-icon agrikon-icon-organic-food\"><\/i><\/div><h3 class=\"title\">Bizimle ileti\u015fime ge\u00e7in<\/h3><\/div><div class=\"call-to-action__button\"><a  class=\"agrikon-btn thm-btn\" href=\"\/index.php\/iletisim\/\">\u0130LET\u0130\u015e\u0130M<\/a><\/div><\/div><\/div>\t\t<\/div>\n\t\t\t\t<\/div>\n\t\t\t\t\t<\/div>\n\t\t<\/div>\n\t\t\t\t\t\t\t<\/div>\n\t\t<\/div>\n\t\t\t\t\t\t<\/div>\n\t\t\t\t\t<\/div>\n\t\t","protected":false},"excerpt":{"rendered":"<p>Tesisimiz Fabrikam\u0131z\u0131n kendine \u00f6zg\u00fc saha dizayn\u0131 ile t\u00fcm planlama ve \u00fcretim a\u015famalar\u0131 ayr\u0131nt\u0131l\u0131 bir titizlik ile kontrol edilmektedir. Kabuklu f\u0131nd\u0131k \u00f6n analiz robotundan ba\u015flayarak kabuklu f\u0131nd\u0131\u011f\u0131n tesisimize kabul edildi\u011fi ilk noktadan ba\u015flayarak, kabuklu f\u0131nd\u0131k depolama alanlar\u0131m\u0131z ve kapasitemizle, en son teknoloji makinelerle f\u0131nd\u0131\u011f\u0131n k\u0131r\u0131m ve se\u00e7im s\u00fcre\u00e7lerini tamamlanmas\u0131n\u0131n ard\u0131ndan, TSE standartlar\u0131nda ger\u00e7ekle\u015fen \u00fcretimin kontrol edilmesiyle&#8230;<\/p>\n","protected":false},"author":1,"featured_media":0,"parent":0,"menu_order":0,"comment_status":"closed","ping_status":"closed","template":"","meta":{"footnotes":""},"class_list":{"0":"post-5057","1":"page","2":"type-page","3":"status-publish","4":"hentry","5":"nt-post-class","6":"","8":"thumb-none","10":"excerpt-none"},"_links":{"self":[{"href":"https:\/\/www.aycangida.com.tr\/index.php\/wp-json\/wp\/v2\/pages\/5057","targetHints":{"allow":["GET"]}}],"collection":[{"href":"https:\/\/www.aycangida.com.tr\/index.php\/wp-json\/wp\/v2\/pages"}],"about":[{"href":"https:\/\/www.aycangida.com.tr\/index.php\/wp-json\/wp\/v2\/types\/page"}],"author":[{"embeddable":true,"href":"https:\/\/www.aycangida.com.tr\/index.php\/wp-json\/wp\/v2\/users\/1"}],"replies":[{"embeddable":true,"href":"https:\/\/www.aycangida.com.tr\/index.php\/wp-json\/wp\/v2\/comments?post=5057"}],"version-history":[{"count":42,"href":"https:\/\/www.aycangida.com.tr\/index.php\/wp-json\/wp\/v2\/pages\/5057\/revisions"}],"predecessor-version":[{"id":5443,"href":"https:\/\/www.aycangida.com.tr\/index.php\/wp-json\/wp\/v2\/pages\/5057\/revisions\/5443"}],"wp:attachment":[{"href":"https:\/\/www.aycangida.com.tr\/index.php\/wp-json\/wp\/v2\/media?parent=5057"}],"curies":[{"name":"wp","href":"https:\/\/api.w.org\/{rel}","templated":true}]}}