{"id":4942,"date":"2022-01-14T13:42:49","date_gmt":"2022-01-14T10:42:49","guid":{"rendered":"http:\/\/aycangida.workajans.net\/?page_id=4942"},"modified":"2022-03-03T14:13:25","modified_gmt":"2022-03-03T11:13:25","slug":"baskanin-mesaji","status":"publish","type":"page","link":"https:\/\/www.aycangida.com.tr\/index.php\/baskanin-mesaji\/","title":{"rendered":"Ba\u015fkan\u0131n Mesaj\u0131"},"content":{"rendered":"\t\t<div data-elementor-type=\"wp-page\" data-elementor-id=\"4942\" class=\"elementor elementor-4942\" data-elementor-settings=\"[]\">\n\t\t\t\t\t\t\t<div class=\"elementor-section-wrap\">\n\t\t\t\t\t\t\t<section class=\"elementor-section elementor-top-section elementor-element elementor-element-26ee7b4 elementor-section-full_width elementor-section-height-default elementor-section-height-default nt-section-ripped-top ripped-top-no nt-section-ripped-bottom ripped-bottom-no\" data-id=\"26ee7b4\" data-element_type=\"section\" data-settings=\"{&quot;background_background&quot;:&quot;classic&quot;}\">\n\t\t\t\t\t\t<div class=\"elementor-container elementor-column-gap-no\">\n\t\t\t\t\t<div class=\"elementor-column elementor-col-100 elementor-top-column elementor-element elementor-element-6a9c756\" data-id=\"6a9c756\" data-element_type=\"column\" data-settings=\"{&quot;background_background&quot;:&quot;classic&quot;}\">\n\t\t\t<div class=\"elementor-widget-wrap elementor-element-populated\">\n\t\t\t\t\t\t\t\t<div class=\"elementor-element elementor-element-4d216a0 elementor-widget elementor-widget-agrikon-page-hero\" data-id=\"4d216a0\" data-element_type=\"widget\" data-widget_type=\"agrikon-page-hero.default\">\n\t\t\t\t<div class=\"elementor-widget-container\">\n\t\t\t<div class=\"page-header ripped-off\"><div class=\"page-header__bg\"><\/div><div class=\"container\"><h2 class=\"page-title\">Ba\u015fkan\u0131n Mesaj\u0131<\/h2><\/div><\/div>\t\t<\/div>\n\t\t\t\t<\/div>\n\t\t\t\t\t<\/div>\n\t\t<\/div>\n\t\t\t\t\t\t\t<\/div>\n\t\t<\/section>\n\t\t\t\t<section class=\"elementor-section elementor-top-section elementor-element elementor-element-8f05131 elementor-section-full_width elementor-section-height-default elementor-section-height-default nt-section-ripped-top ripped-top-no nt-section-ripped-bottom ripped-bottom-no\" data-id=\"8f05131\" data-element_type=\"section\" data-settings=\"{&quot;background_background&quot;:&quot;classic&quot;}\">\n\t\t\t\t\t\t<div class=\"elementor-container elementor-column-gap-default\">\n\t\t\t\t\t<div class=\"elementor-column elementor-col-100 elementor-top-column elementor-element elementor-element-f702fb8\" data-id=\"f702fb8\" data-element_type=\"column\">\n\t\t\t<div class=\"elementor-widget-wrap elementor-element-populated\">\n\t\t\t\t\t\t\t\t<div class=\"elementor-element elementor-element-e814bc7 elementor-widget elementor-widget-text-editor\" data-id=\"e814bc7\" data-element_type=\"widget\" data-widget_type=\"text-editor.default\">\n\t\t\t\t<div class=\"elementor-widget-container\">\n\t\t\t<style>\/*! elementor - v3.5.5 - 03-02-2022 *\/\n.elementor-widget-text-editor.elementor-drop-cap-view-stacked .elementor-drop-cap{background-color:#818a91;color:#fff}.elementor-widget-text-editor.elementor-drop-cap-view-framed .elementor-drop-cap{color:#818a91;border:3px solid;background-color:transparent}.elementor-widget-text-editor:not(.elementor-drop-cap-view-default) .elementor-drop-cap{margin-top:8px}.elementor-widget-text-editor:not(.elementor-drop-cap-view-default) .elementor-drop-cap-letter{width:1em;height:1em}.elementor-widget-text-editor .elementor-drop-cap{float:left;text-align:center;line-height:1;font-size:50px}.elementor-widget-text-editor .elementor-drop-cap-letter{display:inline-block}<\/style>\t\t\t\t<p>\u015eirket olarak sahip oldu\u011fumuz k\u00f6kl\u00fc ge\u00e7mi\u015fimiz, ge\u00e7en 30 y\u0131l\u0131 a\u015fk\u0131n zaman i\u00e7inde \u00fclkemize ve milletimize her daim hizmet etme f\u0131rsat\u0131 vermi\u015ftir. Bu s\u00fcre\u00e7 i\u00e7erisinde siyasi, ekonomik, k\u00fclt\u00fcrel ve belki de en \u00f6nemlisi teknolojik d\u00f6n\u00fc\u015f\u00fcme tan\u0131k olduk. Geli\u015fen bu de\u011ferler, bunlarla beraber hayat\u0131m\u0131za giren yeni kavramlar, de\u011fi\u015fen i\u015f uygulama \u015fekilleri ve \u00f6ncelikler kar\u015f\u0131s\u0131nda her daim g\u00fc\u00e7l\u00fc ve h\u0131zl\u0131 kararlar ald\u0131k. \u00dcretimdeki g\u00fcc\u00fcm\u00fcz\u00fc de\u011fi\u015fime ayak uyduran de\u011fil, de\u011fi\u015fime \u00f6nc\u00fcl\u00fck eden olma hedefi ile hayata ge\u00e7irdi\u011fimiz uygulamalar ile ispatlad\u0131k. Bug\u00fcn de \u015firket olarak en b\u00fcy\u00fck \u00e7abam\u0131z s\u00fcrd\u00fcr\u00fclebilir i\u015f politikalar\u0131m\u0131z sayesinde de\u011fi\u015fime \u00f6nderlik etmek ve gelece\u011fi yakalamakt\u0131r. \u015eirketimizin geli\u015fiminde \u00fclkemizin b\u00fcy\u00fcmesi ve refah\u0131 her zaman \u00f6n \u015fart\u0131m\u0131z olmu\u015ftur. \u00dclkemizin b\u00fcy\u00fcmesine olan inanc\u0131m\u0131z bizi her daim motive etmi\u015ftir.\u00a0<\/p><p>S\u00fcrd\u00fcr\u00fclebilir \u015firket politikalar\u0131m\u0131z \u00e7er\u00e7evesinde \u00fclkemize yat\u0131r\u0131m yapmaya devam edecek, yurt d\u0131\u015f\u0131ndan k\u00fcresel \u015firketlerin de \u00fclkemize yat\u0131r\u0131m yapmalar\u0131n\u0131 te\u015fvik etmeyi s\u00fcrd\u00fcrece\u011fiz. Yeni yat\u0131r\u0131mlar\u0131m\u0131z\u0131 planlarken \u00e7a\u011f\u0131m\u0131z\u0131n getirdi\u011fi sorumluluklar\u0131n bilincinde hareket ediyoruz. Dolay\u0131s\u0131yla \u00f6n\u00fcm\u00fczde ki y\u0131llarda \u0130zlenebilirlik faaliyetlerimizi artt\u0131raca\u011f\u0131z. Bug\u00fcn \u00fclkemizin de i\u00e7inde bulundu\u011fu Paris \u0130klim Anla\u015fmas\u0131 ile beraber daha da fazla \u00f6nem kazanan ye\u015fil mutabakat\u0131n \u00f6nc\u00fclerinden olmak i\u00e7in \u00e7al\u0131\u015fmalar\u0131m\u0131za devam ediyoruz.<\/p><p>\u015eirket olarak istikrarl\u0131 b\u00fcy\u00fcmemizi s\u00fcrd\u00fcr\u00fcyoruz. Gelecek y\u0131llarda da \u00fcretim ve ihracata odaklanarak \u00fclke ekonomimize sundu\u011fumuz katk\u0131y\u0131 artt\u0131raca\u011f\u0131z. T\u00fcrkiye\u2019nin sekt\u00f6r\u00fcndeki \u00f6nc\u00fc \u015firketlerinden biri olarak ya\u015fad\u0131\u011f\u0131m\u0131z d\u00fcnyaya, \u00fclkemize, \u00e7al\u0131\u015fanlar\u0131m\u0131za ve payda\u015flar\u0131m\u0131za y\u00f6nelik fayda \u00fcretme ve imkanlar\u0131m\u0131z\u0131 fayda yaratma i\u00e7in kullanma sorumlulu\u011fumuzu devam ettirece\u011fiz.<\/p><p style=\"text-align: left;\"><span style=\"font-weight: 400;\">Sevgi ve Sayg\u0131lar\u0131mla<\/span><\/p><p style=\"text-align: left;\"><span style=\"font-weight: 400;\">Mustafa AYCAN<\/span><\/p><p style=\"text-align: left;\"><span style=\"font-weight: 400;\">Y\u00f6netim Kurulu Ba\u015fkan\u0131<\/span><\/p>\t\t\t\t\t\t<\/div>\n\t\t\t\t<\/div>\n\t\t\t\t\t<\/div>\n\t\t<\/div>\n\t\t\t\t\t\t\t<\/div>\n\t\t<\/section>\n\t\t\t\t\t\t<\/div>\n\t\t\t\t\t<\/div>\n\t\t","protected":false},"excerpt":{"rendered":"<p>Ba\u015fkan\u0131n Mesaj\u0131 \u015eirket olarak sahip oldu\u011fumuz k\u00f6kl\u00fc ge\u00e7mi\u015fimiz, ge\u00e7en 30 y\u0131l\u0131 a\u015fk\u0131n zaman i\u00e7inde \u00fclkemize ve milletimize her daim hizmet etme f\u0131rsat\u0131 vermi\u015ftir. Bu s\u00fcre\u00e7 i\u00e7erisinde siyasi, ekonomik, k\u00fclt\u00fcrel ve belki de en \u00f6nemlisi teknolojik d\u00f6n\u00fc\u015f\u00fcme tan\u0131k olduk. Geli\u015fen bu de\u011ferler, bunlarla beraber hayat\u0131m\u0131za giren yeni kavramlar, de\u011fi\u015fen i\u015f uygulama \u015fekilleri ve \u00f6ncelikler kar\u015f\u0131s\u0131nda her&#8230;<\/p>\n","protected":false},"author":1,"featured_media":0,"parent":0,"menu_order":0,"comment_status":"closed","ping_status":"closed","template":"","meta":{"footnotes":""},"class_list":{"0":"post-4942","1":"page","2":"type-page","3":"status-publish","4":"hentry","5":"nt-post-class","6":"","8":"thumb-none","10":"excerpt-none"},"_links":{"self":[{"href":"https:\/\/www.aycangida.com.tr\/index.php\/wp-json\/wp\/v2\/pages\/4942","targetHints":{"allow":["GET"]}}],"collection":[{"href":"https:\/\/www.aycangida.com.tr\/index.php\/wp-json\/wp\/v2\/pages"}],"about":[{"href":"https:\/\/www.aycangida.com.tr\/index.php\/wp-json\/wp\/v2\/types\/page"}],"author":[{"embeddable":true,"href":"https:\/\/www.aycangida.com.tr\/index.php\/wp-json\/wp\/v2\/users\/1"}],"replies":[{"embeddable":true,"href":"https:\/\/www.aycangida.com.tr\/index.php\/wp-json\/wp\/v2\/comments?post=4942"}],"version-history":[{"count":31,"href":"https:\/\/www.aycangida.com.tr\/index.php\/wp-json\/wp\/v2\/pages\/4942\/revisions"}],"predecessor-version":[{"id":5382,"href":"https:\/\/www.aycangida.com.tr\/index.php\/wp-json\/wp\/v2\/pages\/4942\/revisions\/5382"}],"wp:attachment":[{"href":"https:\/\/www.aycangida.com.tr\/index.php\/wp-json\/wp\/v2\/media?parent=4942"}],"curies":[{"name":"wp","href":"https:\/\/api.w.org\/{rel}","templated":true}]}}