{"id":4933,"date":"2022-01-14T13:33:03","date_gmt":"2022-01-14T10:33:03","guid":{"rendered":"http:\/\/aycangida.workajans.net\/?page_id=4933"},"modified":"2022-03-03T15:57:09","modified_gmt":"2022-03-03T12:57:09","slug":"politikalarimiz","status":"publish","type":"page","link":"https:\/\/www.aycangida.com.tr\/index.php\/politikalarimiz\/","title":{"rendered":"Politikalar\u0131m\u0131z"},"content":{"rendered":"\t\t<div data-elementor-type=\"wp-page\" data-elementor-id=\"4933\" class=\"elementor elementor-4933\" data-elementor-settings=\"[]\">\n\t\t\t\t\t\t\t<div class=\"elementor-section-wrap\">\n\t\t\t\t\t\t\t<section class=\"elementor-section elementor-top-section elementor-element elementor-element-26ee7b4 elementor-section-full_width elementor-section-height-default elementor-section-height-default nt-section-ripped-top ripped-top-no nt-section-ripped-bottom ripped-bottom-no\" data-id=\"26ee7b4\" data-element_type=\"section\" data-settings=\"{&quot;background_background&quot;:&quot;classic&quot;}\">\n\t\t\t\t\t\t<div class=\"elementor-container elementor-column-gap-no\">\n\t\t\t\t\t<div class=\"elementor-column elementor-col-100 elementor-top-column elementor-element elementor-element-6a9c756\" data-id=\"6a9c756\" data-element_type=\"column\" data-settings=\"{&quot;background_background&quot;:&quot;classic&quot;}\">\n\t\t\t<div class=\"elementor-widget-wrap elementor-element-populated\">\n\t\t\t\t\t\t\t\t<div class=\"elementor-element elementor-element-4d216a0 elementor-widget elementor-widget-agrikon-page-hero\" data-id=\"4d216a0\" data-element_type=\"widget\" data-widget_type=\"agrikon-page-hero.default\">\n\t\t\t\t<div class=\"elementor-widget-container\">\n\t\t\t<div class=\"page-header ripped-off\"><div class=\"page-header__bg\"><\/div><div class=\"container\"><h2 class=\"page-title\">Politikalar\u0131m\u0131z<\/h2><\/div><\/div>\t\t<\/div>\n\t\t\t\t<\/div>\n\t\t\t\t\t<\/div>\n\t\t<\/div>\n\t\t\t\t\t\t\t<\/div>\n\t\t<\/section>\n\t\t\t\t<section class=\"elementor-section elementor-top-section elementor-element elementor-element-8f05131 elementor-section-full_width elementor-section-height-default elementor-section-height-default nt-section-ripped-top ripped-top-no nt-section-ripped-bottom ripped-bottom-no\" data-id=\"8f05131\" data-element_type=\"section\" data-settings=\"{&quot;background_background&quot;:&quot;classic&quot;}\">\n\t\t\t\t\t\t<div class=\"elementor-container elementor-column-gap-default\">\n\t\t\t\t\t<div class=\"elementor-column elementor-col-50 elementor-top-column elementor-element elementor-element-f702fb8\" data-id=\"f702fb8\" data-element_type=\"column\">\n\t\t\t<div class=\"elementor-widget-wrap elementor-element-populated\">\n\t\t\t\t\t\t\t\t<div class=\"elementor-element elementor-element-0cd757f elementor-widget elementor-widget-text-editor\" data-id=\"0cd757f\" data-element_type=\"widget\" data-widget_type=\"text-editor.default\">\n\t\t\t\t<div class=\"elementor-widget-container\">\n\t\t\t<style>\/*! elementor - v3.5.5 - 03-02-2022 *\/\n.elementor-widget-text-editor.elementor-drop-cap-view-stacked .elementor-drop-cap{background-color:#818a91;color:#fff}.elementor-widget-text-editor.elementor-drop-cap-view-framed .elementor-drop-cap{color:#818a91;border:3px solid;background-color:transparent}.elementor-widget-text-editor:not(.elementor-drop-cap-view-default) .elementor-drop-cap{margin-top:8px}.elementor-widget-text-editor:not(.elementor-drop-cap-view-default) .elementor-drop-cap-letter{width:1em;height:1em}.elementor-widget-text-editor .elementor-drop-cap{float:left;text-align:center;line-height:1;font-size:50px}.elementor-widget-text-editor .elementor-drop-cap-letter{display:inline-block}<\/style>\t\t\t\t<p>-\u015eirketimiz insana, topluma ve do\u011faya sayg\u0131 ilkesiyle kaliteli ve g\u00fcvenli g\u0131da \u00fcretimini ve sunumunu ger\u00e7ekle\u015ftirir.<\/p><p>-\u00dcr\u00fcn ve s\u00fcre\u00e7lerimizi s\u00fcrekli iyile\u015ftirerek yapt\u0131\u011f\u0131m\u0131z her i\u015fe yeni de\u011ferler ekler.<\/p><p>-Dinamik ve pozitif yap\u0131s\u0131n\u0131 koruyup s\u00fcrekli k\u0131larak m\u00fc\u015fteri odakl\u0131 \u00e7al\u0131\u015f\u0131r.<\/p><p>-Kalite, \u00c7evre ve G\u0131da G\u00fcvenli\u011fi Y\u00f6netim sisteminin gereklerini t\u00fcm \u00e7al\u0131\u015fanlar\u0131n yerine getirdi\u011fi bir tesiste, kirlili\u011fi \u00f6nleyerek \u00e7evreye en az zarar veren \u00fcretim metotlar\u0131n\u0131 uygulayarak, m\u00fcmk\u00fcn olabilen en d\u00fc\u015f\u00fck maliyetle \u00fcretilmi\u015f en g\u00fcvenilir \u00fcr\u00fcnleri piyasaya sunar.<\/p><p>-Kaliteli \u00fcretimin nitelikli eleman g\u00fcc\u00fcnden ge\u00e7ti\u011fini kabul ederek, \u015firketimizde konusunda deneyimli ve e\u011fitimli elemanlar istihdam edilerek sistemimizi ve \u00fcretimimizi geli\u015ftirmek i\u00e7in s\u00fcrekli iyile\u015ftirme \u00e7al\u0131\u015fmalar\u0131 y\u00fcr\u00fct\u00fcl\u00fcr.\u00a0<\/p><p>-\u00c7al\u0131\u015fanlar\u0131m\u0131za firma ama\u00e7 ve hedefleri ve ki\u015fisel geli\u015fimleri do\u011frultusunda s\u00fcrekli ve planl\u0131 e\u011fitimler verilir. \u00c7al\u0131\u015fanlar\u0131m\u0131z\u0131n daha fazla sorumluluk \u00fcstlenmelerini, kendilerini geli\u015ftirmeye olanak tan\u0131may\u0131 ve \u00e7al\u0131\u015fanlar\u0131n etkin kat\u0131l\u0131m\u0131n\u0131 sa\u011flamak amac\u0131m\u0131zd\u0131r.\u00a0<\/p><p>-\u0130\u015f\u00e7i Sa\u011fl\u0131\u011f\u0131 ve \u0130\u015f G\u00fcvenli\u011fi kurallar\u0131n\u0131 da yerine getirmek suretiyle \u00e7evreyi etkileyebilecek olumsuz etkileri \u00f6nler.<\/p><p>-\u00dcst y\u00f6netimden en alt birime kadar t\u00fcm \u00e7al\u0131\u015fanlar\u0131m\u0131zda \u00e7evre sorumluluk bilinci kazand\u0131r\u0131larak, at\u0131klar\u0131 m\u00fcmk\u00fcn oldu\u011funca kayna\u011f\u0131nda azaltmay\u0131 veya geri kazanmay\u0131 sa\u011flar.<\/p>\t\t\t\t\t\t<\/div>\n\t\t\t\t<\/div>\n\t\t\t\t\t<\/div>\n\t\t<\/div>\n\t\t\t\t<div class=\"elementor-column elementor-col-50 elementor-top-column elementor-element elementor-element-3d72248\" data-id=\"3d72248\" data-element_type=\"column\">\n\t\t\t<div class=\"elementor-widget-wrap elementor-element-populated\">\n\t\t\t\t\t\t\t\t<div class=\"elementor-element elementor-element-250fd08 elementor-widget elementor-widget-image\" data-id=\"250fd08\" data-element_type=\"widget\" data-widget_type=\"image.default\">\n\t\t\t\t<div class=\"elementor-widget-container\">\n\t\t\t<style>\/*! elementor - v3.5.5 - 03-02-2022 *\/\n.elementor-widget-image{text-align:center}.elementor-widget-image a{display:inline-block}.elementor-widget-image a img[src$=\".svg\"]{width:48px}.elementor-widget-image img{vertical-align:middle;display:inline-block}<\/style>\t\t\t\t\t\t\t\t\t\t\t\t<img loading=\"lazy\" decoding=\"async\" width=\"600\" height=\"600\" src=\"https:\/\/www.aycangida.com.tr\/wp-content\/uploads\/2022\/01\/politikalarimiz-2.jpg\" class=\"attachment-full size-full\" alt=\"\" srcset=\"https:\/\/www.aycangida.com.tr\/wp-content\/uploads\/2022\/01\/politikalarimiz-2.jpg 600w, https:\/\/www.aycangida.com.tr\/wp-content\/uploads\/2022\/01\/politikalarimiz-2-300x300.jpg 300w, https:\/\/www.aycangida.com.tr\/wp-content\/uploads\/2022\/01\/politikalarimiz-2-150x150.jpg 150w, https:\/\/www.aycangida.com.tr\/wp-content\/uploads\/2022\/01\/politikalarimiz-2-500x500.jpg 500w\" sizes=\"auto, (max-width: 600px) 100vw, 600px\" \/>\t\t\t\t\t\t\t\t\t\t\t\t\t\t\t<\/div>\n\t\t\t\t<\/div>\n\t\t\t\t\t<\/div>\n\t\t<\/div>\n\t\t\t\t\t\t\t<\/div>\n\t\t<\/section>\n\t\t\t\t<div class=\"elementor-section elementor-top-section elementor-element elementor-element-30efc64 elementor-section-full_width elementor-section-height-default elementor-section-height-default nt-section-ripped-top ripped-top-no nt-section-ripped-bottom ripped-bottom-no\" data-id=\"30efc64\" data-element_type=\"section\">\n\t\t\t\t\t\t<div class=\"elementor-container elementor-column-gap-no\">\n\t\t\t\t\t<div class=\"elementor-column elementor-col-100 elementor-top-column elementor-element elementor-element-b347e73\" data-id=\"b347e73\" data-element_type=\"column\">\n\t\t\t<div class=\"elementor-widget-wrap elementor-element-populated\">\n\t\t\t\t\t\t\t\t<div class=\"elementor-element elementor-element-566093a elementor-widget elementor-widget-agrikon-cta-one\" data-id=\"566093a\" data-element_type=\"widget\" data-widget_type=\"agrikon-cta-one.default\">\n\t\t\t\t<div class=\"elementor-widget-container\">\n\t\t\t<div class=\"call-to-action jarallax\" data-jarallax data-speed=\"0.3\" data-imgPosition=\"-80% 50%\"><div class=\"container\"><div class=\"call-to-action__content\"><div class=\"call-to-action__icon\"><i aria-hidden=\"true\" class=\"flaticon agrikon-icon agrikon-icon-organic-food\"><\/i><\/div><h3 class=\"title\">Bizimle ileti\u015fime ge\u00e7in<\/h3><\/div><div class=\"call-to-action__button\"><a  class=\"agrikon-btn thm-btn\" href=\"\/index.php\/iletisim\/\">\u0130LET\u0130\u015e\u0130M<\/a><\/div><\/div><\/div>\t\t<\/div>\n\t\t\t\t<\/div>\n\t\t\t\t\t<\/div>\n\t\t<\/div>\n\t\t\t\t\t\t\t<\/div>\n\t\t<\/div>\n\t\t\t\t\t\t<\/div>\n\t\t\t\t\t<\/div>\n\t\t","protected":false},"excerpt":{"rendered":"<p>Politikalar\u0131m\u0131z -\u015eirketimiz insana, topluma ve do\u011faya sayg\u0131 ilkesiyle kaliteli ve g\u00fcvenli g\u0131da \u00fcretimini ve sunumunu ger\u00e7ekle\u015ftirir. -\u00dcr\u00fcn ve s\u00fcre\u00e7lerimizi s\u00fcrekli iyile\u015ftirerek yapt\u0131\u011f\u0131m\u0131z her i\u015fe yeni de\u011ferler ekler. -Dinamik ve pozitif yap\u0131s\u0131n\u0131 koruyup s\u00fcrekli k\u0131larak m\u00fc\u015fteri odakl\u0131 \u00e7al\u0131\u015f\u0131r. -Kalite, \u00c7evre ve G\u0131da G\u00fcvenli\u011fi Y\u00f6netim sisteminin gereklerini t\u00fcm \u00e7al\u0131\u015fanlar\u0131n yerine getirdi\u011fi bir tesiste, kirlili\u011fi \u00f6nleyerek \u00e7evreye en&#8230;<\/p>\n","protected":false},"author":1,"featured_media":0,"parent":0,"menu_order":0,"comment_status":"closed","ping_status":"closed","template":"","meta":{"footnotes":""},"class_list":{"0":"post-4933","1":"page","2":"type-page","3":"status-publish","4":"hentry","5":"nt-post-class","6":"","8":"thumb-none","10":"excerpt-none"},"_links":{"self":[{"href":"https:\/\/www.aycangida.com.tr\/index.php\/wp-json\/wp\/v2\/pages\/4933","targetHints":{"allow":["GET"]}}],"collection":[{"href":"https:\/\/www.aycangida.com.tr\/index.php\/wp-json\/wp\/v2\/pages"}],"about":[{"href":"https:\/\/www.aycangida.com.tr\/index.php\/wp-json\/wp\/v2\/types\/page"}],"author":[{"embeddable":true,"href":"https:\/\/www.aycangida.com.tr\/index.php\/wp-json\/wp\/v2\/users\/1"}],"replies":[{"embeddable":true,"href":"https:\/\/www.aycangida.com.tr\/index.php\/wp-json\/wp\/v2\/comments?post=4933"}],"version-history":[{"count":25,"href":"https:\/\/www.aycangida.com.tr\/index.php\/wp-json\/wp\/v2\/pages\/4933\/revisions"}],"predecessor-version":[{"id":5406,"href":"https:\/\/www.aycangida.com.tr\/index.php\/wp-json\/wp\/v2\/pages\/4933\/revisions\/5406"}],"wp:attachment":[{"href":"https:\/\/www.aycangida.com.tr\/index.php\/wp-json\/wp\/v2\/media?parent=4933"}],"curies":[{"name":"wp","href":"https:\/\/api.w.org\/{rel}","templated":true}]}}