{"id":4923,"date":"2022-01-14T13:26:42","date_gmt":"2022-01-14T10:26:42","guid":{"rendered":"http:\/\/aycangida.workajans.net\/?page_id=4923"},"modified":"2022-02-02T18:56:20","modified_gmt":"2022-02-02T15:56:20","slug":"guvenli-ve-inovatif-uretim","status":"publish","type":"page","link":"https:\/\/www.aycangida.com.tr\/index.php\/guvenli-ve-inovatif-uretim\/","title":{"rendered":"G\u00fcvenli ve \u0130novatif \u00dcretim"},"content":{"rendered":"\t\t<div data-elementor-type=\"wp-page\" data-elementor-id=\"4923\" class=\"elementor elementor-4923\" data-elementor-settings=\"[]\">\n\t\t\t\t\t\t\t<div class=\"elementor-section-wrap\">\n\t\t\t\t\t\t\t<section class=\"elementor-section elementor-top-section elementor-element elementor-element-26ee7b4 elementor-section-full_width elementor-section-height-default elementor-section-height-default nt-section-ripped-top ripped-top-no nt-section-ripped-bottom ripped-bottom-no\" data-id=\"26ee7b4\" data-element_type=\"section\" data-settings=\"{&quot;background_background&quot;:&quot;classic&quot;}\">\n\t\t\t\t\t\t<div class=\"elementor-container elementor-column-gap-no\">\n\t\t\t\t\t<div class=\"elementor-column elementor-col-100 elementor-top-column elementor-element elementor-element-6a9c756\" data-id=\"6a9c756\" data-element_type=\"column\" data-settings=\"{&quot;background_background&quot;:&quot;classic&quot;}\">\n\t\t\t<div class=\"elementor-widget-wrap elementor-element-populated\">\n\t\t\t\t\t\t\t\t<div class=\"elementor-element elementor-element-4d216a0 elementor-widget elementor-widget-agrikon-page-hero\" data-id=\"4d216a0\" data-element_type=\"widget\" data-widget_type=\"agrikon-page-hero.default\">\n\t\t\t\t<div class=\"elementor-widget-container\">\n\t\t\t<div class=\"page-header\"><div class=\"page-header__bg\"><\/div><div class=\"container\"><h2 class=\"page-title\">G\u00fcvenli ve \u0130novatif \u00dcretim<\/h2><\/div><\/div>\t\t<\/div>\n\t\t\t\t<\/div>\n\t\t\t\t\t<\/div>\n\t\t<\/div>\n\t\t\t\t\t\t\t<\/div>\n\t\t<\/section>\n\t\t\t\t<section class=\"elementor-section elementor-top-section elementor-element elementor-element-8f05131 elementor-section-full_width elementor-section-height-default elementor-section-height-default nt-section-ripped-top ripped-top-no nt-section-ripped-bottom ripped-bottom-no\" data-id=\"8f05131\" data-element_type=\"section\" data-settings=\"{&quot;background_background&quot;:&quot;classic&quot;}\">\n\t\t\t\t\t\t<div class=\"elementor-container elementor-column-gap-default\">\n\t\t\t\t\t<div class=\"elementor-column elementor-col-50 elementor-top-column elementor-element elementor-element-f702fb8\" data-id=\"f702fb8\" data-element_type=\"column\">\n\t\t\t<div class=\"elementor-widget-wrap elementor-element-populated\">\n\t\t\t\t\t\t\t\t<div class=\"elementor-element elementor-element-e814bc7 elementor-widget elementor-widget-text-editor\" data-id=\"e814bc7\" data-element_type=\"widget\" data-widget_type=\"text-editor.default\">\n\t\t\t\t<div class=\"elementor-widget-container\">\n\t\t\t<style>\/*! elementor - v3.5.5 - 03-02-2022 *\/\n.elementor-widget-text-editor.elementor-drop-cap-view-stacked .elementor-drop-cap{background-color:#818a91;color:#fff}.elementor-widget-text-editor.elementor-drop-cap-view-framed .elementor-drop-cap{color:#818a91;border:3px solid;background-color:transparent}.elementor-widget-text-editor:not(.elementor-drop-cap-view-default) .elementor-drop-cap{margin-top:8px}.elementor-widget-text-editor:not(.elementor-drop-cap-view-default) .elementor-drop-cap-letter{width:1em;height:1em}.elementor-widget-text-editor .elementor-drop-cap{float:left;text-align:center;line-height:1;font-size:50px}.elementor-widget-text-editor .elementor-drop-cap-letter{display:inline-block}<\/style>\t\t\t\t<p>Son teknolojiye sahip f\u0131nd\u0131k k\u0131rma ve se\u00e7me tesisimizde, kabuklu f\u0131nd\u0131\u011f\u0131n fabrikaya giri\u015finden teslimat s\u00fcrecine dek kalite ve g\u00fcvenilirli\u011fini koruyor; sahip oldu\u011fumuz ISO 9001 ve ISO 22000 belgeleriyle kalite ve g\u00fcvenlikte tam teminat sa\u011fl\u0131yoruz. Hijyenik ko\u015fullarda, birinci kalite hammadde kullanarak \u00fcretimimizi ger\u00e7ekle\u015ftiriyoruz. Kalite y\u00f6ntemlerini s\u00fcrekli takip ederek ya\u015fanan geli\u015fmelere h\u0131zla adapte oluyoruz. \u00dcretimin her a\u015famas\u0131ndan numuneler temin ederek \u00a0fiziksel, kimyasal ve duyusal analizler ger\u00e7ekle\u015ftiriyoruz.\u00a0<\/p><p>\u00dcretimde yegane gayemiz, g\u0131da yasalar\u0131na ve mevzuat\u0131na uygun bir s\u00fcrece imza at\u0131p Aycan G\u0131da\u2019ya g\u00fcvenen t\u00fcm t\u00fcketicilerimize memnuniyet garantisi verebilmektir.<\/p>\t\t\t\t\t\t<\/div>\n\t\t\t\t<\/div>\n\t\t\t\t\t<\/div>\n\t\t<\/div>\n\t\t\t\t<div class=\"elementor-column elementor-col-50 elementor-top-column elementor-element elementor-element-3d72248\" data-id=\"3d72248\" data-element_type=\"column\">\n\t\t\t<div class=\"elementor-widget-wrap elementor-element-populated\">\n\t\t\t\t\t\t\t\t<div class=\"elementor-element elementor-element-250fd08 elementor-widget elementor-widget-image\" data-id=\"250fd08\" data-element_type=\"widget\" data-widget_type=\"image.default\">\n\t\t\t\t<div class=\"elementor-widget-container\">\n\t\t\t<style>\/*! elementor - v3.5.5 - 03-02-2022 *\/\n.elementor-widget-image{text-align:center}.elementor-widget-image a{display:inline-block}.elementor-widget-image a img[src$=\".svg\"]{width:48px}.elementor-widget-image img{vertical-align:middle;display:inline-block}<\/style>\t\t\t\t\t\t\t\t\t\t\t\t<img loading=\"lazy\" decoding=\"async\" width=\"570\" height=\"502\" src=\"https:\/\/www.aycangida.com.tr\/wp-content\/uploads\/2022\/01\/guvenli-ve-inovatif-uretim-1.jpg\" class=\"attachment-full size-full\" alt=\"\" srcset=\"https:\/\/www.aycangida.com.tr\/wp-content\/uploads\/2022\/01\/guvenli-ve-inovatif-uretim-1.jpg 570w, https:\/\/www.aycangida.com.tr\/wp-content\/uploads\/2022\/01\/guvenli-ve-inovatif-uretim-1-300x264.jpg 300w\" sizes=\"auto, (max-width: 570px) 100vw, 570px\" \/>\t\t\t\t\t\t\t\t\t\t\t\t\t\t\t<\/div>\n\t\t\t\t<\/div>\n\t\t\t\t\t<\/div>\n\t\t<\/div>\n\t\t\t\t\t\t\t<\/div>\n\t\t<\/section>\n\t\t\t\t<div class=\"elementor-section elementor-top-section elementor-element elementor-element-30efc64 elementor-section-full_width elementor-section-height-default elementor-section-height-default nt-section-ripped-top ripped-top-no nt-section-ripped-bottom ripped-bottom-no\" data-id=\"30efc64\" data-element_type=\"section\">\n\t\t\t\t\t\t<div class=\"elementor-container elementor-column-gap-no\">\n\t\t\t\t\t<div class=\"elementor-column elementor-col-100 elementor-top-column elementor-element elementor-element-b347e73\" data-id=\"b347e73\" data-element_type=\"column\">\n\t\t\t<div class=\"elementor-widget-wrap elementor-element-populated\">\n\t\t\t\t\t\t\t\t<div class=\"elementor-element elementor-element-566093a elementor-widget elementor-widget-agrikon-cta-one\" data-id=\"566093a\" data-element_type=\"widget\" data-widget_type=\"agrikon-cta-one.default\">\n\t\t\t\t<div class=\"elementor-widget-container\">\n\t\t\t<div class=\"call-to-action jarallax\" data-jarallax data-speed=\"0.3\" data-imgPosition=\"-80% 50%\"><div class=\"container\"><div class=\"call-to-action__content\"><div class=\"call-to-action__icon\"><i aria-hidden=\"true\" class=\"flaticon agrikon-icon agrikon-icon-organic-food\"><\/i><\/div><h3 class=\"title\">Bizimle ileti\u015fime ge\u00e7in<\/h3><\/div><div class=\"call-to-action__button\"><a  class=\"agrikon-btn thm-btn\" href=\"\/index.php\/iletisim\/\">\u0130LET\u0130\u015e\u0130M<\/a><\/div><\/div><\/div>\t\t<\/div>\n\t\t\t\t<\/div>\n\t\t\t\t\t<\/div>\n\t\t<\/div>\n\t\t\t\t\t\t\t<\/div>\n\t\t<\/div>\n\t\t\t\t\t\t<\/div>\n\t\t\t\t\t<\/div>\n\t\t","protected":false},"excerpt":{"rendered":"<p>G\u00fcvenli ve \u0130novatif \u00dcretim Son teknolojiye sahip f\u0131nd\u0131k k\u0131rma ve se\u00e7me tesisimizde, kabuklu f\u0131nd\u0131\u011f\u0131n fabrikaya giri\u015finden teslimat s\u00fcrecine dek kalite ve g\u00fcvenilirli\u011fini koruyor; sahip oldu\u011fumuz ISO 9001 ve ISO 22000 belgeleriyle kalite ve g\u00fcvenlikte tam teminat sa\u011fl\u0131yoruz. Hijyenik ko\u015fullarda, birinci kalite hammadde kullanarak \u00fcretimimizi ger\u00e7ekle\u015ftiriyoruz. Kalite y\u00f6ntemlerini s\u00fcrekli takip ederek ya\u015fanan geli\u015fmelere h\u0131zla adapte oluyoruz&#8230;.<\/p>\n","protected":false},"author":1,"featured_media":0,"parent":0,"menu_order":0,"comment_status":"closed","ping_status":"closed","template":"","meta":{"footnotes":""},"class_list":{"0":"post-4923","1":"page","2":"type-page","3":"status-publish","4":"hentry","5":"nt-post-class","6":"","8":"thumb-none","10":"excerpt-none"},"_links":{"self":[{"href":"https:\/\/www.aycangida.com.tr\/index.php\/wp-json\/wp\/v2\/pages\/4923","targetHints":{"allow":["GET"]}}],"collection":[{"href":"https:\/\/www.aycangida.com.tr\/index.php\/wp-json\/wp\/v2\/pages"}],"about":[{"href":"https:\/\/www.aycangida.com.tr\/index.php\/wp-json\/wp\/v2\/types\/page"}],"author":[{"embeddable":true,"href":"https:\/\/www.aycangida.com.tr\/index.php\/wp-json\/wp\/v2\/users\/1"}],"replies":[{"embeddable":true,"href":"https:\/\/www.aycangida.com.tr\/index.php\/wp-json\/wp\/v2\/comments?post=4923"}],"version-history":[{"count":16,"href":"https:\/\/www.aycangida.com.tr\/index.php\/wp-json\/wp\/v2\/pages\/4923\/revisions"}],"predecessor-version":[{"id":5256,"href":"https:\/\/www.aycangida.com.tr\/index.php\/wp-json\/wp\/v2\/pages\/4923\/revisions\/5256"}],"wp:attachment":[{"href":"https:\/\/www.aycangida.com.tr\/index.php\/wp-json\/wp\/v2\/media?parent=4923"}],"curies":[{"name":"wp","href":"https:\/\/api.w.org\/{rel}","templated":true}]}}