{"id":4905,"date":"2022-01-14T13:13:58","date_gmt":"2022-01-14T10:13:58","guid":{"rendered":"http:\/\/aycangida.workajans.net\/?page_id=4905"},"modified":"2022-03-03T12:59:19","modified_gmt":"2022-03-03T09:59:19","slug":"izlenebilirlik","status":"publish","type":"page","link":"https:\/\/www.aycangida.com.tr\/index.php\/izlenebilirlik\/","title":{"rendered":"\u0130zlenebilirlik"},"content":{"rendered":"\t\t<div data-elementor-type=\"wp-page\" data-elementor-id=\"4905\" class=\"elementor elementor-4905\" data-elementor-settings=\"[]\">\n\t\t\t\t\t\t\t<div class=\"elementor-section-wrap\">\n\t\t\t\t\t\t\t<section class=\"elementor-section elementor-top-section elementor-element elementor-element-26ee7b4 elementor-section-full_width elementor-section-height-default elementor-section-height-default nt-section-ripped-top ripped-top-no nt-section-ripped-bottom ripped-bottom-no\" data-id=\"26ee7b4\" data-element_type=\"section\" data-settings=\"{&quot;background_background&quot;:&quot;classic&quot;}\">\n\t\t\t\t\t\t<div class=\"elementor-container elementor-column-gap-no\">\n\t\t\t\t\t<div class=\"elementor-column elementor-col-100 elementor-top-column elementor-element elementor-element-6a9c756\" data-id=\"6a9c756\" data-element_type=\"column\" data-settings=\"{&quot;background_background&quot;:&quot;classic&quot;}\">\n\t\t\t<div class=\"elementor-widget-wrap elementor-element-populated\">\n\t\t\t\t\t\t\t\t<div class=\"elementor-element elementor-element-4d216a0 elementor-widget elementor-widget-agrikon-page-hero\" data-id=\"4d216a0\" data-element_type=\"widget\" data-widget_type=\"agrikon-page-hero.default\">\n\t\t\t\t<div class=\"elementor-widget-container\">\n\t\t\t<div class=\"page-header\"><div class=\"page-header__bg\"><\/div><div class=\"container\"><h2 class=\"page-title\">\u0130zlenebilirlik<\/h2><\/div><\/div>\t\t<\/div>\n\t\t\t\t<\/div>\n\t\t\t\t\t<\/div>\n\t\t<\/div>\n\t\t\t\t\t\t\t<\/div>\n\t\t<\/section>\n\t\t\t\t<section class=\"elementor-section elementor-top-section elementor-element elementor-element-8f05131 elementor-section-full_width elementor-section-height-default elementor-section-height-default nt-section-ripped-top ripped-top-no nt-section-ripped-bottom ripped-bottom-no\" data-id=\"8f05131\" data-element_type=\"section\" data-settings=\"{&quot;background_background&quot;:&quot;classic&quot;}\">\n\t\t\t\t\t\t<div class=\"elementor-container elementor-column-gap-default\">\n\t\t\t\t\t<div class=\"elementor-column elementor-col-50 elementor-top-column elementor-element elementor-element-f702fb8\" data-id=\"f702fb8\" data-element_type=\"column\">\n\t\t\t<div class=\"elementor-widget-wrap elementor-element-populated\">\n\t\t\t\t\t\t\t\t<div class=\"elementor-element elementor-element-e814bc7 elementor-widget elementor-widget-text-editor\" data-id=\"e814bc7\" data-element_type=\"widget\" data-widget_type=\"text-editor.default\">\n\t\t\t\t<div class=\"elementor-widget-container\">\n\t\t\t<style>\/*! elementor - v3.5.5 - 03-02-2022 *\/\n.elementor-widget-text-editor.elementor-drop-cap-view-stacked .elementor-drop-cap{background-color:#818a91;color:#fff}.elementor-widget-text-editor.elementor-drop-cap-view-framed .elementor-drop-cap{color:#818a91;border:3px solid;background-color:transparent}.elementor-widget-text-editor:not(.elementor-drop-cap-view-default) .elementor-drop-cap{margin-top:8px}.elementor-widget-text-editor:not(.elementor-drop-cap-view-default) .elementor-drop-cap-letter{width:1em;height:1em}.elementor-widget-text-editor .elementor-drop-cap{float:left;text-align:center;line-height:1;font-size:50px}.elementor-widget-text-editor .elementor-drop-cap-letter{display:inline-block}<\/style>\t\t\t\t<p>\u0130zlenebilirlik; g\u0131da, g\u0131dan\u0131n elde edildi\u011fi hayvan, yem veya g\u0131daya kar\u0131\u015ft\u0131r\u0131lmas\u0131 tasarlanan ya da beklenen maddenin \u00fcretim, i\u015fleme, da\u011f\u0131t\u0131m ile ilgili b\u00fct\u00fcn a\u015famalarda izlenmesi sistemidir.<\/p><p>G\u0131da g\u00fcvenli\u011finin sa\u011flanabilmesi i\u00e7in ka\u00e7\u0131n\u0131lmaz bir gereklilik olan izlenebilirlik, d\u00fcnyada \u00e7e\u015fitli y\u00f6ntemlerin ve sistemlerin uygulamas\u0131yla ger\u00e7ekle\u015ftirilmektedir.\u00a0<\/p><p>\u015eirketimiz, t\u00fcm m\u00fc\u015fterilerimizin kay\u0131t oldu\u011fu bir izlenebilirlik sistemine dahildir. Bu sistem sayesinde \u00fcr\u00fcnlerimizin \u00fcreticiden t\u00fcketiciye ula\u015fana dek ge\u00e7irdi\u011fi s\u00fcreci takip edilebilir hale getirdik.<\/p>\t\t\t\t\t\t<\/div>\n\t\t\t\t<\/div>\n\t\t\t\t\t<\/div>\n\t\t<\/div>\n\t\t\t\t<div class=\"elementor-column elementor-col-50 elementor-top-column elementor-element elementor-element-3d72248\" data-id=\"3d72248\" data-element_type=\"column\">\n\t\t\t<div class=\"elementor-widget-wrap elementor-element-populated\">\n\t\t\t\t\t\t\t\t<div class=\"elementor-element elementor-element-250fd08 elementor-widget elementor-widget-image\" data-id=\"250fd08\" data-element_type=\"widget\" data-widget_type=\"image.default\">\n\t\t\t\t<div class=\"elementor-widget-container\">\n\t\t\t<style>\/*! elementor - v3.5.5 - 03-02-2022 *\/\n.elementor-widget-image{text-align:center}.elementor-widget-image a{display:inline-block}.elementor-widget-image a img[src$=\".svg\"]{width:48px}.elementor-widget-image img{vertical-align:middle;display:inline-block}<\/style>\t\t\t\t\t\t\t\t\t\t\t\t<img loading=\"lazy\" decoding=\"async\" width=\"570\" height=\"502\" src=\"https:\/\/www.aycangida.com.tr\/wp-content\/uploads\/2022\/01\/izlenebilirlik.jpg\" class=\"attachment-full size-full\" alt=\"\" srcset=\"https:\/\/www.aycangida.com.tr\/wp-content\/uploads\/2022\/01\/izlenebilirlik.jpg 570w, https:\/\/www.aycangida.com.tr\/wp-content\/uploads\/2022\/01\/izlenebilirlik-300x264.jpg 300w\" sizes=\"auto, (max-width: 570px) 100vw, 570px\" \/>\t\t\t\t\t\t\t\t\t\t\t\t\t\t\t<\/div>\n\t\t\t\t<\/div>\n\t\t\t\t\t<\/div>\n\t\t<\/div>\n\t\t\t\t\t\t\t<\/div>\n\t\t<\/section>\n\t\t\t\t<div class=\"elementor-section elementor-top-section elementor-element elementor-element-30efc64 elementor-section-full_width elementor-section-height-default elementor-section-height-default nt-section-ripped-top ripped-top-no nt-section-ripped-bottom ripped-bottom-no\" data-id=\"30efc64\" data-element_type=\"section\">\n\t\t\t\t\t\t<div class=\"elementor-container elementor-column-gap-no\">\n\t\t\t\t\t<div class=\"elementor-column elementor-col-100 elementor-top-column elementor-element elementor-element-b347e73\" data-id=\"b347e73\" data-element_type=\"column\">\n\t\t\t<div class=\"elementor-widget-wrap elementor-element-populated\">\n\t\t\t\t\t\t\t\t<div class=\"elementor-element elementor-element-566093a elementor-widget elementor-widget-agrikon-cta-one\" data-id=\"566093a\" data-element_type=\"widget\" data-widget_type=\"agrikon-cta-one.default\">\n\t\t\t\t<div class=\"elementor-widget-container\">\n\t\t\t<div class=\"call-to-action jarallax\" data-jarallax data-speed=\"0.3\" data-imgPosition=\"-80% 50%\"><div class=\"container\"><div class=\"call-to-action__content\"><div class=\"call-to-action__icon\"><i aria-hidden=\"true\" class=\"flaticon agrikon-icon agrikon-icon-organic-food\"><\/i><\/div><h3 class=\"title\">Bizimle ileti\u015fime ge\u00e7in<\/h3><\/div><div class=\"call-to-action__button\"><a  class=\"agrikon-btn thm-btn\" href=\"\/index.php\/iletisim\/\">\u0130LET\u0130\u015e\u0130M<\/a><\/div><\/div><\/div>\t\t<\/div>\n\t\t\t\t<\/div>\n\t\t\t\t\t<\/div>\n\t\t<\/div>\n\t\t\t\t\t\t\t<\/div>\n\t\t<\/div>\n\t\t\t\t\t\t<\/div>\n\t\t\t\t\t<\/div>\n\t\t","protected":false},"excerpt":{"rendered":"<p>\u0130zlenebilirlik \u0130zlenebilirlik; g\u0131da, g\u0131dan\u0131n elde edildi\u011fi hayvan, yem veya g\u0131daya kar\u0131\u015ft\u0131r\u0131lmas\u0131 tasarlanan ya da beklenen maddenin \u00fcretim, i\u015fleme, da\u011f\u0131t\u0131m ile ilgili b\u00fct\u00fcn a\u015famalarda izlenmesi sistemidir. G\u0131da g\u00fcvenli\u011finin sa\u011flanabilmesi i\u00e7in ka\u00e7\u0131n\u0131lmaz bir gereklilik olan izlenebilirlik, d\u00fcnyada \u00e7e\u015fitli y\u00f6ntemlerin ve sistemlerin uygulamas\u0131yla ger\u00e7ekle\u015ftirilmektedir.\u00a0 \u015eirketimiz, t\u00fcm m\u00fc\u015fterilerimizin kay\u0131t oldu\u011fu bir izlenebilirlik sistemine dahildir. Bu sistem sayesinde \u00fcr\u00fcnlerimizin \u00fcreticiden&#8230;<\/p>\n","protected":false},"author":1,"featured_media":0,"parent":0,"menu_order":0,"comment_status":"closed","ping_status":"closed","template":"","meta":{"footnotes":""},"class_list":{"0":"post-4905","1":"page","2":"type-page","3":"status-publish","4":"hentry","5":"nt-post-class","6":"","8":"thumb-none","10":"excerpt-none"},"_links":{"self":[{"href":"https:\/\/www.aycangida.com.tr\/index.php\/wp-json\/wp\/v2\/pages\/4905","targetHints":{"allow":["GET"]}}],"collection":[{"href":"https:\/\/www.aycangida.com.tr\/index.php\/wp-json\/wp\/v2\/pages"}],"about":[{"href":"https:\/\/www.aycangida.com.tr\/index.php\/wp-json\/wp\/v2\/types\/page"}],"author":[{"embeddable":true,"href":"https:\/\/www.aycangida.com.tr\/index.php\/wp-json\/wp\/v2\/users\/1"}],"replies":[{"embeddable":true,"href":"https:\/\/www.aycangida.com.tr\/index.php\/wp-json\/wp\/v2\/comments?post=4905"}],"version-history":[{"count":19,"href":"https:\/\/www.aycangida.com.tr\/index.php\/wp-json\/wp\/v2\/pages\/4905\/revisions"}],"predecessor-version":[{"id":5356,"href":"https:\/\/www.aycangida.com.tr\/index.php\/wp-json\/wp\/v2\/pages\/4905\/revisions\/5356"}],"wp:attachment":[{"href":"https:\/\/www.aycangida.com.tr\/index.php\/wp-json\/wp\/v2\/media?parent=4905"}],"curies":[{"name":"wp","href":"https:\/\/api.w.org\/{rel}","templated":true}]}}